{"id":2,"date":"2013-11-02T14:53:22","date_gmt":"2013-11-02T13:53:22","guid":{"rendered":"http:\/\/www.cacn.fr\/cacn\/?page_id=2"},"modified":"2026-03-29T11:27:31","modified_gmt":"2026-03-29T10:27:31","slug":"page-d-exemple","status":"publish","type":"page","link":"https:\/\/www.cacn.fr\/cacn\/","title":{"rendered":"Le club de cigare en quelques mots."},"content":{"rendered":"<p style=\"text-align: justify;\">Le Club des Amateurs de Cigare Du Narbonnais a \u00e9t\u00e9 fond\u00e9 en 1998 par Jean-Louis Barsalou et Me Bernard Pech de Laclause, qui en a \u00e9t\u00e9 le pr\u00e9sident jusqu&rsquo;\u00e0 sa disparition en 2011. Son pr\u00e9sident actuel est Me Philippe Girard.<\/p>\n<p style=\"text-align: justify;\">Fort d&rsquo;une cinquantaine de <a href=\"https:\/\/www.cacn.fr\/cacn\/devenir-membre-du-club-des-amateurs-de-cigares-du-narbonnais\/\">membres<\/a> aujourd&rsquo;hui, le club rassemble avant tout des amis, passionn\u00e9s de Havanes et de gastronomie. Les r\u00e9unions mensuelles ont lieu dans les restaurants du Narbonnais comme \u00e0 La <a href=\"https:\/\/maison.saintcrescent.com\" target=\"_blank\" rel=\"noopener noreferrer\">Maison Saint-Crescent<\/a>&#8211; si\u00e8ge historique du Club &#8211; chez le chef Lionel Giraud, au <a href=\"http:\/\/www.chateau-hospitalet.com\/fr\/\" target=\"_blank\" rel=\"noopener noreferrer\">Ch\u00e2teau de l&rsquo;Hospitalet,<\/a>\u00a0\u00e0 l&rsquo;<a href=\"http:\/\/www.fontfroide.com\" target=\"_blank\" rel=\"noopener noreferrer\">Abbaye de Fontfroide<\/a>\u00a0ou \u00e0 l&rsquo;<a href=\"http:\/\/aubergeduvieuxpuits.fr\" target=\"_blank\" rel=\"noopener noreferrer\">Auberge du Vieux Puits<\/a> chez le chef Gilles Goujon. Et c&rsquo;est\u00a0toujours pour partager le plaisir de la d\u00e9gustation d&rsquo;un Havane.<\/p>\n<p style=\"text-align: justify;\">Retrouvez ici quelques lignes sur <a title=\"D\u00e9gustations\" href=\"http:\/\/www.cacn.fr\/cacn\/category\/degustations\/\">les vitoles que nous avons appr\u00e9ci\u00e9es<\/a>\u00a0ainsi que l&rsquo;ensemble de nos <a href=\"http:\/\/www.cacn.fr\/cacn\/partenaires\/\">partenaires<\/a>.<\/p>\n<p>&nbsp;<\/p>\n<h2>Pr\u00e9sidents du CACN<\/h2>\n<p>&nbsp;<\/p>\n<p>Depuis 2026: Me Philippe Girard<\/p>\n<p>2018-2026: M. Roger Cayrol<\/p>\n<p>2013-2018: Dr Bernard M\u00e9ric<\/p>\n<p>2011-2013: Me G\u00e9rard Dubois<\/p>\n<p>1998-2011: Me Pech de Laclause\u2020<\/p>\n","protected":false},"excerpt":{"rendered":"<p class=\"excerpt\">Le Club des Amateurs de Cigare Du Narbonnais a \u00e9t\u00e9 fond\u00e9 en 1998 par Jean-Louis Barsalou et Me Bernard Pech de Laclause, qui en a \u00e9t\u00e9 le pr\u00e9sident jusqu&rsquo;\u00e0 sa disparition en 2011. Son pr\u00e9sident actuel est Me Philippe Girard. Fort d&rsquo;une cinquantaine de membres aujourd&rsquo;hui, le club rassemble avant tout des amis, passionn\u00e9s de Havanes et de gastronomie. Les&hellip; <a href=\"https:\/\/www.cacn.fr\/cacn\/\">Read more &rarr;<\/a><\/p>\n","protected":false},"author":1,"featured_media":0,"parent":0,"menu_order":0,"comment_status":"closed","ping_status":"closed","template":"","meta":{"footnotes":""},"class_list":["post-2","page","type-page","status-publish","hentry","xfolkentry"],"yoast_head":"<!-- This site is optimized with the Yoast SEO plugin v27.4 - https:\/\/yoast.com\/product\/yoast-seo-wordpress\/ -->\n<title>Club des Amateurs de Cigare \u00e0 Narbonne<\/title>\n<meta name=\"description\" content=\"Club des amateurs de Cigare \u00e0 Narbonne, passionn\u00e9s de Havanes et de gastronomie.\" \/>\n<meta name=\"robots\" content=\"index, follow, max-snippet:-1, max-image-preview:large, max-video-preview:-1\" \/>\n<link rel=\"canonical\" href=\"https:\/\/www.cacn.fr\/cacn\/\" \/>\n<meta property=\"og:locale\" content=\"fr_FR\" \/>\n<meta property=\"og:type\" content=\"article\" \/>\n<meta property=\"og:title\" content=\"Club des Amateurs de Cigare \u00e0 Narbonne\" \/>\n<meta property=\"og:description\" content=\"Club des amateurs de Cigare \u00e0 Narbonne, passionn\u00e9s de Havanes et de gastronomie.\" \/>\n<meta property=\"og:url\" content=\"https:\/\/www.cacn.fr\/cacn\/\" \/>\n<meta property=\"og:site_name\" content=\"CACN\" \/>\n<meta property=\"article:modified_time\" content=\"2026-03-29T10:27:31+00:00\" \/>\n<meta name=\"twitter:card\" content=\"summary_large_image\" \/>\n<meta name=\"twitter:label1\" content=\"Dur\u00e9e de lecture estim\u00e9e\" \/>\n\t<meta name=\"twitter:data1\" content=\"1 minute\" \/>\n<script type=\"application\/ld+json\" class=\"yoast-schema-graph\">{\"@context\":\"https:\\\/\\\/schema.org\",\"@graph\":[{\"@type\":\"WebPage\",\"@id\":\"https:\\\/\\\/www.cacn.fr\\\/cacn\\\/\",\"url\":\"https:\\\/\\\/www.cacn.fr\\\/cacn\\\/\",\"name\":\"Club des Amateurs de Cigare \u00e0 Narbonne\",\"isPartOf\":{\"@id\":\"https:\\\/\\\/www.cacn.fr\\\/cacn\\\/#website\"},\"datePublished\":\"2013-11-02T13:53:22+00:00\",\"dateModified\":\"2026-03-29T10:27:31+00:00\",\"description\":\"Club des amateurs de Cigare \u00e0 Narbonne, passionn\u00e9s de Havanes et de gastronomie.\",\"breadcrumb\":{\"@id\":\"https:\\\/\\\/www.cacn.fr\\\/cacn\\\/#breadcrumb\"},\"inLanguage\":\"fr-FR\",\"potentialAction\":[{\"@type\":\"ReadAction\",\"target\":[\"https:\\\/\\\/www.cacn.fr\\\/cacn\\\/\"]}]},{\"@type\":\"BreadcrumbList\",\"@id\":\"https:\\\/\\\/www.cacn.fr\\\/cacn\\\/#breadcrumb\",\"itemListElement\":[{\"@type\":\"ListItem\",\"position\":1,\"name\":\"Accueil\",\"item\":\"https:\\\/\\\/www.cacn.fr\\\/cacn\\\/\"},{\"@type\":\"ListItem\",\"position\":2,\"name\":\"Le club de cigare en quelques mots.\"}]},{\"@type\":\"WebSite\",\"@id\":\"https:\\\/\\\/www.cacn.fr\\\/cacn\\\/#website\",\"url\":\"https:\\\/\\\/www.cacn.fr\\\/cacn\\\/\",\"name\":\"CACN\",\"description\":\"Club des Amateurs de Cigares du Narbonnais\",\"publisher\":{\"@id\":\"https:\\\/\\\/www.cacn.fr\\\/cacn\\\/#organization\"},\"potentialAction\":[{\"@type\":\"SearchAction\",\"target\":{\"@type\":\"EntryPoint\",\"urlTemplate\":\"https:\\\/\\\/www.cacn.fr\\\/cacn\\\/?s={search_term_string}\"},\"query-input\":{\"@type\":\"PropertyValueSpecification\",\"valueRequired\":true,\"valueName\":\"search_term_string\"}}],\"inLanguage\":\"fr-FR\"},{\"@type\":\"Organization\",\"@id\":\"https:\\\/\\\/www.cacn.fr\\\/cacn\\\/#organization\",\"name\":\"Club des Amateurs de Cigare du Narbonne\",\"url\":\"https:\\\/\\\/www.cacn.fr\\\/cacn\\\/\",\"logo\":{\"@type\":\"ImageObject\",\"inLanguage\":\"fr-FR\",\"@id\":\"https:\\\/\\\/www.cacn.fr\\\/cacn\\\/#\\\/schema\\\/logo\\\/image\\\/\",\"url\":\"https:\\\/\\\/www.cacn.fr\\\/cacn\\\/wp-content\\\/uploads\\\/2013\\\/11\\\/cacn_home.jpg\",\"contentUrl\":\"https:\\\/\\\/www.cacn.fr\\\/cacn\\\/wp-content\\\/uploads\\\/2013\\\/11\\\/cacn_home.jpg\",\"width\":1491,\"height\":836,\"caption\":\"Club des Amateurs de Cigare du Narbonne\"},\"image\":{\"@id\":\"https:\\\/\\\/www.cacn.fr\\\/cacn\\\/#\\\/schema\\\/logo\\\/image\\\/\"}}]}<\/script>\n<!-- \/ Yoast SEO plugin. -->","yoast_head_json":{"title":"Club des Amateurs de Cigare \u00e0 Narbonne","description":"Club des amateurs de Cigare \u00e0 Narbonne, passionn\u00e9s de Havanes et de gastronomie.","robots":{"index":"index","follow":"follow","max-snippet":"max-snippet:-1","max-image-preview":"max-image-preview:large","max-video-preview":"max-video-preview:-1"},"canonical":"https:\/\/www.cacn.fr\/cacn\/","og_locale":"fr_FR","og_type":"article","og_title":"Club des Amateurs de Cigare \u00e0 Narbonne","og_description":"Club des amateurs de Cigare \u00e0 Narbonne, passionn\u00e9s de Havanes et de gastronomie.","og_url":"https:\/\/www.cacn.fr\/cacn\/","og_site_name":"CACN","article_modified_time":"2026-03-29T10:27:31+00:00","twitter_card":"summary_large_image","twitter_misc":{"Dur\u00e9e de lecture estim\u00e9e":"1 minute"},"schema":{"@context":"https:\/\/schema.org","@graph":[{"@type":"WebPage","@id":"https:\/\/www.cacn.fr\/cacn\/","url":"https:\/\/www.cacn.fr\/cacn\/","name":"Club des Amateurs de Cigare \u00e0 Narbonne","isPartOf":{"@id":"https:\/\/www.cacn.fr\/cacn\/#website"},"datePublished":"2013-11-02T13:53:22+00:00","dateModified":"2026-03-29T10:27:31+00:00","description":"Club des amateurs de Cigare \u00e0 Narbonne, passionn\u00e9s de Havanes et de gastronomie.","breadcrumb":{"@id":"https:\/\/www.cacn.fr\/cacn\/#breadcrumb"},"inLanguage":"fr-FR","potentialAction":[{"@type":"ReadAction","target":["https:\/\/www.cacn.fr\/cacn\/"]}]},{"@type":"BreadcrumbList","@id":"https:\/\/www.cacn.fr\/cacn\/#breadcrumb","itemListElement":[{"@type":"ListItem","position":1,"name":"Accueil","item":"https:\/\/www.cacn.fr\/cacn\/"},{"@type":"ListItem","position":2,"name":"Le club de cigare en quelques mots."}]},{"@type":"WebSite","@id":"https:\/\/www.cacn.fr\/cacn\/#website","url":"https:\/\/www.cacn.fr\/cacn\/","name":"CACN","description":"Club des Amateurs de Cigares du Narbonnais","publisher":{"@id":"https:\/\/www.cacn.fr\/cacn\/#organization"},"potentialAction":[{"@type":"SearchAction","target":{"@type":"EntryPoint","urlTemplate":"https:\/\/www.cacn.fr\/cacn\/?s={search_term_string}"},"query-input":{"@type":"PropertyValueSpecification","valueRequired":true,"valueName":"search_term_string"}}],"inLanguage":"fr-FR"},{"@type":"Organization","@id":"https:\/\/www.cacn.fr\/cacn\/#organization","name":"Club des Amateurs de Cigare du Narbonne","url":"https:\/\/www.cacn.fr\/cacn\/","logo":{"@type":"ImageObject","inLanguage":"fr-FR","@id":"https:\/\/www.cacn.fr\/cacn\/#\/schema\/logo\/image\/","url":"https:\/\/www.cacn.fr\/cacn\/wp-content\/uploads\/2013\/11\/cacn_home.jpg","contentUrl":"https:\/\/www.cacn.fr\/cacn\/wp-content\/uploads\/2013\/11\/cacn_home.jpg","width":1491,"height":836,"caption":"Club des Amateurs de Cigare du Narbonne"},"image":{"@id":"https:\/\/www.cacn.fr\/cacn\/#\/schema\/logo\/image\/"}}]}},"_links":{"self":[{"href":"https:\/\/www.cacn.fr\/cacn\/wp-json\/wp\/v2\/pages\/2","targetHints":{"allow":["GET"]}}],"collection":[{"href":"https:\/\/www.cacn.fr\/cacn\/wp-json\/wp\/v2\/pages"}],"about":[{"href":"https:\/\/www.cacn.fr\/cacn\/wp-json\/wp\/v2\/types\/page"}],"author":[{"embeddable":true,"href":"https:\/\/www.cacn.fr\/cacn\/wp-json\/wp\/v2\/users\/1"}],"replies":[{"embeddable":true,"href":"https:\/\/www.cacn.fr\/cacn\/wp-json\/wp\/v2\/comments?post=2"}],"version-history":[{"count":32,"href":"https:\/\/www.cacn.fr\/cacn\/wp-json\/wp\/v2\/pages\/2\/revisions"}],"predecessor-version":[{"id":899,"href":"https:\/\/www.cacn.fr\/cacn\/wp-json\/wp\/v2\/pages\/2\/revisions\/899"}],"wp:attachment":[{"href":"https:\/\/www.cacn.fr\/cacn\/wp-json\/wp\/v2\/media?parent=2"}],"curies":[{"name":"wp","href":"https:\/\/api.w.org\/{rel}","templated":true}]}}