{"id":545,"date":"2020-06-21T10:53:35","date_gmt":"2020-06-21T09:53:35","guid":{"rendered":"https:\/\/www.cacn.fr\/cacn\/?page_id=545"},"modified":"2020-06-21T11:43:17","modified_gmt":"2020-06-21T10:43:17","slug":"devenir-membre-du-club-des-amateurs-de-cigares-du-narbonnais","status":"publish","type":"page","link":"https:\/\/www.cacn.fr\/cacn\/devenir-membre-du-club-des-amateurs-de-cigares-du-narbonnais\/","title":{"rendered":"Devenir membre du Club des Amateurs de Cigares du Narbonnais"},"content":{"rendered":"<p style=\"text-align: right;\"><em>Extrait de l&rsquo;article 6 des statuts<\/em><\/p>\n<h2>Le nombre de membres actifs est fix\u00e9 \u00e0 50 membres.<\/h2>\n<p>Le club ne peut admettre de nouveaux membres actifs au del\u00e0 de 50 qu&rsquo;en cas de d\u00e9part de membres actifs.<br \/>\nL\u2019ouverture du club \u00e0 des nouveaux membres a lieu 2 fois par an, lors de la soir\u00e9e de Janvier (habituellement le dernier jeudi de Janvier) et lors de la soir\u00e9e d\u2019Octobre (habituellement le dernier jeudi d\u2019Octobre).<\/p>\n<h2>Les candidats doivent satisfaire aux conditions suivantes:<\/h2>\n<ul>\n<li>\u00eatre pr\u00e9sent\u00e9s par 2 parrains, eux-m\u00eames membres actifs depuis plus de 3 ans<\/li>\n<li>\u00eatre coopt\u00e9s \u00e0 l&rsquo;unanimit\u00e9 par les membres actifs (les refus \u00e9ventuels ne sont pas explicit\u00e9s)<\/li>\n<li>apporter le jour de leur intronisation un cabinet d\u2019au moins 25 havanes.<\/li>\n<\/ul>\n<p>&nbsp;<\/p>\n<p style=\"text-align: center;\"><span style=\"color: #ff0000;\"><strong>Merci de ne pas utiliser le formulaire de contact\u00a0pour une demande d\u2019adh\u00e9sion ou de participation aux diners du Club.<\/strong><\/span><\/p>\n<p style=\"text-align: center;\"><span style=\"color: #ff0000;\"><strong>En mati\u00e8re d\u2019adh\u00e9sion, c\u2019est toujours le Club qui contacte le futur membre.<\/strong><\/span><\/p>\n","protected":false},"excerpt":{"rendered":"<p class=\"excerpt\">Extrait de l&rsquo;article 6 des statuts Le nombre de membres actifs est fix\u00e9 \u00e0 50 membres. Le club ne peut admettre de nouveaux membres actifs au del\u00e0 de 50 qu&rsquo;en cas de d\u00e9part de membres actifs. L\u2019ouverture du club \u00e0 des nouveaux membres a lieu 2 fois par an, lors de la soir\u00e9e de Janvier (habituellement le dernier jeudi de&hellip; <a href=\"https:\/\/www.cacn.fr\/cacn\/devenir-membre-du-club-des-amateurs-de-cigares-du-narbonnais\/\">Read more &rarr;<\/a><\/p>\n","protected":false},"author":1,"featured_media":0,"parent":0,"menu_order":0,"comment_status":"closed","ping_status":"closed","template":"","meta":{"footnotes":""},"class_list":["post-545","page","type-page","status-publish","hentry","xfolkentry"],"yoast_head":"<!-- This site is optimized with the Yoast SEO plugin v27.4 - https:\/\/yoast.com\/product\/yoast-seo-wordpress\/ -->\n<title>Devenir membre du Club des Amateurs de Cigares du Narbonnais - CACN<\/title>\n<meta name=\"description\" content=\"Club Cigare Narbonne\" \/>\n<meta name=\"robots\" content=\"index, follow, max-snippet:-1, max-image-preview:large, max-video-preview:-1\" \/>\n<link rel=\"canonical\" href=\"https:\/\/www.cacn.fr\/cacn\/devenir-membre-du-club-des-amateurs-de-cigares-du-narbonnais\/\" \/>\n<meta property=\"og:locale\" content=\"fr_FR\" \/>\n<meta property=\"og:type\" content=\"article\" \/>\n<meta property=\"og:title\" content=\"Devenir membre du Club des Amateurs de Cigares du Narbonnais - CACN\" \/>\n<meta property=\"og:description\" content=\"Club Cigare Narbonne\" \/>\n<meta property=\"og:url\" content=\"https:\/\/www.cacn.fr\/cacn\/devenir-membre-du-club-des-amateurs-de-cigares-du-narbonnais\/\" \/>\n<meta property=\"og:site_name\" content=\"CACN\" \/>\n<meta property=\"article:modified_time\" content=\"2020-06-21T10:43:17+00:00\" \/>\n<meta name=\"twitter:card\" content=\"summary_large_image\" \/>\n<meta name=\"twitter:label1\" content=\"Dur\u00e9e de lecture estim\u00e9e\" \/>\n\t<meta name=\"twitter:data1\" content=\"1 minute\" \/>\n<script type=\"application\/ld+json\" class=\"yoast-schema-graph\">{\"@context\":\"https:\\\/\\\/schema.org\",\"@graph\":[{\"@type\":\"WebPage\",\"@id\":\"https:\\\/\\\/www.cacn.fr\\\/cacn\\\/devenir-membre-du-club-des-amateurs-de-cigares-du-narbonnais\\\/\",\"url\":\"https:\\\/\\\/www.cacn.fr\\\/cacn\\\/devenir-membre-du-club-des-amateurs-de-cigares-du-narbonnais\\\/\",\"name\":\"Devenir membre du Club des Amateurs de Cigares du Narbonnais - CACN\",\"isPartOf\":{\"@id\":\"https:\\\/\\\/www.cacn.fr\\\/cacn\\\/#website\"},\"datePublished\":\"2020-06-21T09:53:35+00:00\",\"dateModified\":\"2020-06-21T10:43:17+00:00\",\"description\":\"Club Cigare Narbonne\",\"breadcrumb\":{\"@id\":\"https:\\\/\\\/www.cacn.fr\\\/cacn\\\/devenir-membre-du-club-des-amateurs-de-cigares-du-narbonnais\\\/#breadcrumb\"},\"inLanguage\":\"fr-FR\",\"potentialAction\":[{\"@type\":\"ReadAction\",\"target\":[\"https:\\\/\\\/www.cacn.fr\\\/cacn\\\/devenir-membre-du-club-des-amateurs-de-cigares-du-narbonnais\\\/\"]}]},{\"@type\":\"BreadcrumbList\",\"@id\":\"https:\\\/\\\/www.cacn.fr\\\/cacn\\\/devenir-membre-du-club-des-amateurs-de-cigares-du-narbonnais\\\/#breadcrumb\",\"itemListElement\":[{\"@type\":\"ListItem\",\"position\":1,\"name\":\"Accueil\",\"item\":\"https:\\\/\\\/www.cacn.fr\\\/cacn\\\/\"},{\"@type\":\"ListItem\",\"position\":2,\"name\":\"Devenir membre du Club des Amateurs de Cigares du Narbonnais\"}]},{\"@type\":\"WebSite\",\"@id\":\"https:\\\/\\\/www.cacn.fr\\\/cacn\\\/#website\",\"url\":\"https:\\\/\\\/www.cacn.fr\\\/cacn\\\/\",\"name\":\"CACN\",\"description\":\"Club des Amateurs de Cigares du Narbonnais\",\"publisher\":{\"@id\":\"https:\\\/\\\/www.cacn.fr\\\/cacn\\\/#organization\"},\"potentialAction\":[{\"@type\":\"SearchAction\",\"target\":{\"@type\":\"EntryPoint\",\"urlTemplate\":\"https:\\\/\\\/www.cacn.fr\\\/cacn\\\/?s={search_term_string}\"},\"query-input\":{\"@type\":\"PropertyValueSpecification\",\"valueRequired\":true,\"valueName\":\"search_term_string\"}}],\"inLanguage\":\"fr-FR\"},{\"@type\":\"Organization\",\"@id\":\"https:\\\/\\\/www.cacn.fr\\\/cacn\\\/#organization\",\"name\":\"Club des Amateurs de Cigare du Narbonne\",\"url\":\"https:\\\/\\\/www.cacn.fr\\\/cacn\\\/\",\"logo\":{\"@type\":\"ImageObject\",\"inLanguage\":\"fr-FR\",\"@id\":\"https:\\\/\\\/www.cacn.fr\\\/cacn\\\/#\\\/schema\\\/logo\\\/image\\\/\",\"url\":\"https:\\\/\\\/www.cacn.fr\\\/cacn\\\/wp-content\\\/uploads\\\/2013\\\/11\\\/cacn_home.jpg\",\"contentUrl\":\"https:\\\/\\\/www.cacn.fr\\\/cacn\\\/wp-content\\\/uploads\\\/2013\\\/11\\\/cacn_home.jpg\",\"width\":1491,\"height\":836,\"caption\":\"Club des Amateurs de Cigare du Narbonne\"},\"image\":{\"@id\":\"https:\\\/\\\/www.cacn.fr\\\/cacn\\\/#\\\/schema\\\/logo\\\/image\\\/\"}}]}<\/script>\n<!-- \/ Yoast SEO plugin. -->","yoast_head_json":{"title":"Devenir membre du Club des Amateurs de Cigares du Narbonnais - CACN","description":"Club Cigare Narbonne","robots":{"index":"index","follow":"follow","max-snippet":"max-snippet:-1","max-image-preview":"max-image-preview:large","max-video-preview":"max-video-preview:-1"},"canonical":"https:\/\/www.cacn.fr\/cacn\/devenir-membre-du-club-des-amateurs-de-cigares-du-narbonnais\/","og_locale":"fr_FR","og_type":"article","og_title":"Devenir membre du Club des Amateurs de Cigares du Narbonnais - CACN","og_description":"Club Cigare Narbonne","og_url":"https:\/\/www.cacn.fr\/cacn\/devenir-membre-du-club-des-amateurs-de-cigares-du-narbonnais\/","og_site_name":"CACN","article_modified_time":"2020-06-21T10:43:17+00:00","twitter_card":"summary_large_image","twitter_misc":{"Dur\u00e9e de lecture estim\u00e9e":"1 minute"},"schema":{"@context":"https:\/\/schema.org","@graph":[{"@type":"WebPage","@id":"https:\/\/www.cacn.fr\/cacn\/devenir-membre-du-club-des-amateurs-de-cigares-du-narbonnais\/","url":"https:\/\/www.cacn.fr\/cacn\/devenir-membre-du-club-des-amateurs-de-cigares-du-narbonnais\/","name":"Devenir membre du Club des Amateurs de Cigares du Narbonnais - CACN","isPartOf":{"@id":"https:\/\/www.cacn.fr\/cacn\/#website"},"datePublished":"2020-06-21T09:53:35+00:00","dateModified":"2020-06-21T10:43:17+00:00","description":"Club Cigare Narbonne","breadcrumb":{"@id":"https:\/\/www.cacn.fr\/cacn\/devenir-membre-du-club-des-amateurs-de-cigares-du-narbonnais\/#breadcrumb"},"inLanguage":"fr-FR","potentialAction":[{"@type":"ReadAction","target":["https:\/\/www.cacn.fr\/cacn\/devenir-membre-du-club-des-amateurs-de-cigares-du-narbonnais\/"]}]},{"@type":"BreadcrumbList","@id":"https:\/\/www.cacn.fr\/cacn\/devenir-membre-du-club-des-amateurs-de-cigares-du-narbonnais\/#breadcrumb","itemListElement":[{"@type":"ListItem","position":1,"name":"Accueil","item":"https:\/\/www.cacn.fr\/cacn\/"},{"@type":"ListItem","position":2,"name":"Devenir membre du Club des Amateurs de Cigares du Narbonnais"}]},{"@type":"WebSite","@id":"https:\/\/www.cacn.fr\/cacn\/#website","url":"https:\/\/www.cacn.fr\/cacn\/","name":"CACN","description":"Club des Amateurs de Cigares du Narbonnais","publisher":{"@id":"https:\/\/www.cacn.fr\/cacn\/#organization"},"potentialAction":[{"@type":"SearchAction","target":{"@type":"EntryPoint","urlTemplate":"https:\/\/www.cacn.fr\/cacn\/?s={search_term_string}"},"query-input":{"@type":"PropertyValueSpecification","valueRequired":true,"valueName":"search_term_string"}}],"inLanguage":"fr-FR"},{"@type":"Organization","@id":"https:\/\/www.cacn.fr\/cacn\/#organization","name":"Club des Amateurs de Cigare du Narbonne","url":"https:\/\/www.cacn.fr\/cacn\/","logo":{"@type":"ImageObject","inLanguage":"fr-FR","@id":"https:\/\/www.cacn.fr\/cacn\/#\/schema\/logo\/image\/","url":"https:\/\/www.cacn.fr\/cacn\/wp-content\/uploads\/2013\/11\/cacn_home.jpg","contentUrl":"https:\/\/www.cacn.fr\/cacn\/wp-content\/uploads\/2013\/11\/cacn_home.jpg","width":1491,"height":836,"caption":"Club des Amateurs de Cigare du Narbonne"},"image":{"@id":"https:\/\/www.cacn.fr\/cacn\/#\/schema\/logo\/image\/"}}]}},"_links":{"self":[{"href":"https:\/\/www.cacn.fr\/cacn\/wp-json\/wp\/v2\/pages\/545","targetHints":{"allow":["GET"]}}],"collection":[{"href":"https:\/\/www.cacn.fr\/cacn\/wp-json\/wp\/v2\/pages"}],"about":[{"href":"https:\/\/www.cacn.fr\/cacn\/wp-json\/wp\/v2\/types\/page"}],"author":[{"embeddable":true,"href":"https:\/\/www.cacn.fr\/cacn\/wp-json\/wp\/v2\/users\/1"}],"replies":[{"embeddable":true,"href":"https:\/\/www.cacn.fr\/cacn\/wp-json\/wp\/v2\/comments?post=545"}],"version-history":[{"count":3,"href":"https:\/\/www.cacn.fr\/cacn\/wp-json\/wp\/v2\/pages\/545\/revisions"}],"predecessor-version":[{"id":559,"href":"https:\/\/www.cacn.fr\/cacn\/wp-json\/wp\/v2\/pages\/545\/revisions\/559"}],"wp:attachment":[{"href":"https:\/\/www.cacn.fr\/cacn\/wp-json\/wp\/v2\/media?parent=545"}],"curies":[{"name":"wp","href":"https:\/\/api.w.org\/{rel}","templated":true}]}}